{"id":1386,"date":"2023-12-23T17:01:09","date_gmt":"2023-12-23T17:01:09","guid":{"rendered":"https:\/\/audioprothesistes-a-domicile.fr\/?page_id=1386"},"modified":"2023-12-23T17:03:10","modified_gmt":"2023-12-23T17:03:10","slug":"exploration-des-divers-types-de-deficience-auditive","status":"publish","type":"page","link":"https:\/\/audioprothesistes-a-domicile.fr\/?page_id=1386","title":{"rendered":"Exploration des Divers Types de D\u00e9ficience Auditive"},"content":{"rendered":"\t\t<div data-elementor-type=\"wp-page\" data-elementor-id=\"1386\" class=\"elementor elementor-1386\" data-elementor-post-type=\"page\">\n\t\t\t\t<div class=\"elementor-element elementor-element-745365c e-flex e-con-boxed e-con e-parent\" data-id=\"745365c\" data-element_type=\"container\">\n\t\t\t\t\t<div class=\"e-con-inner\">\n\t\t<div class=\"elementor-element elementor-element-7c96b5d e-con-full e-flex e-con e-child\" data-id=\"7c96b5d\" data-element_type=\"container\">\n\t\t\t\t<div class=\"elementor-element elementor-element-7d5ddb5 elementor-widget elementor-widget-text-editor\" data-id=\"7d5ddb5\" data-element_type=\"widget\" data-widget_type=\"text-editor.default\">\n\t\t\t\t<div class=\"elementor-widget-container\">\n\t\t\t\t\t\t\t\t\t<h2><strong>Les Diff\u00e9rentes Pertes Auditives : Un Guide Complet<\/strong><\/h2><p><em>L&rsquo;audition est un sens vital qui nous connecte au monde. Cependant, elle peut \u00eatre affect\u00e9e par divers types de pertes auditives. Comprendre ces diff\u00e9rentes formes est essentiel, surtout pour ceux qui cherchent des solutions aupr\u00e8s d&rsquo;un audioproth\u00e9siste.<\/em><\/p><h3><a href=\"https:\/\/audioprothesistes-a-domicile.fr\/perte-auditive-conductive\/\"><strong>Perte Auditive Conductive<\/strong><\/a><\/h3><p>La perte auditive conductive survient lorsque les sons ne peuvent pas \u00eatre efficacement transmis de l&rsquo;oreille externe et moyenne \u00e0 l&rsquo;oreille interne. Cette condition peut \u00eatre due \u00e0 des obstructions, telles que le c\u00e9rumen, ou \u00e0 des probl\u00e8mes structurels, comme une perforation du tympan. Heureusement, ce type de perte auditive est souvent temporaire et peut \u00eatre trait\u00e9 m\u00e9dicalement ou chirurgicalement.<\/p><h3><a href=\"https:\/\/audioprothesistes-a-domicile.fr\/perte-auditive-sensorineurale\/\"><strong>Perte Auditive Sensorineurale<\/strong><\/a><\/h3><p>La perte auditive sensorineurale est la forme la plus commune. Elle se produit lorsque les cellules cili\u00e9es de l&rsquo;oreille interne sont endommag\u00e9es. Les causes incluent l&rsquo;exposition au bruit, le vieillissement, et certaines maladies. Cette forme de perte auditive est g\u00e9n\u00e9ralement permanente, mais les appareils auditifs et les implants cochl\u00e9aires peuvent aider \u00e0 am\u00e9liorer la communication.<\/p><h3><a href=\"https:\/\/audioprothesistes-a-domicile.fr\/perte-auditive-mixte\/\"><strong>Perte Auditive Mixte<\/strong><\/a><\/h3><p>La perte auditive mixte combine les \u00e9l\u00e9ments des pertes conductives et sensorineurales. Elle implique des probl\u00e8mes \u00e0 la fois dans l&rsquo;oreille externe\/moyenne et l&rsquo;oreille interne. Le traitement peut n\u00e9cessiter une approche combin\u00e9e, utilisant \u00e0 la fois des m\u00e9thodes m\u00e9dicales et des dispositifs d&rsquo;assistance auditive.<\/p><h3><a href=\"https:\/\/audioprothesistes-a-domicile.fr\/perte-auditive-neurosensorielle\/\"><strong>Perte Auditive Neurosensorielle<\/strong><\/a><\/h3><p>Cette forme sp\u00e9cifique de perte sensorineurale affecte le nerf auditif lui-m\u00eame. Elle peut r\u00e9sulter de conditions neurologiques ou d&rsquo;expositions \u00e0 certains m\u00e9dicaments toxiques pour l&rsquo;oreille. Le diagnostic et le traitement n\u00e9cessitent une \u00e9valuation sp\u00e9cialis\u00e9e.<\/p><h3><a href=\"https:\/\/audioprothesistes-a-domicile.fr\/perte-auditive-soudaine\/\"><strong>Perte Auditive Soudaine<\/strong><\/a><\/h3><p>La perte auditive soudaine est une urgence m\u00e9dicale. Elle peut survenir sans avertissement, affectant g\u00e9n\u00e9ralement une oreille. Les causes peuvent varier de l&rsquo;infection virale aux troubles circulatoires. Un traitement imm\u00e9diat est crucial pour maximiser les chances de r\u00e9cup\u00e9ration.<\/p><h3><a href=\"https:\/\/audioprothesistes-a-domicile.fr\/perte-auditive-due-au-vieillissement-presbyacousie\/\"><strong>Perte Auditive due au Vieillissement (Presbyacousie)<\/strong><\/a><\/h3><p>La presbyacousie est une forme graduelle de perte auditive li\u00e9e \u00e0 l&rsquo;\u00e2ge. Elle affecte g\u00e9n\u00e9ralement les fr\u00e9quences \u00e9lev\u00e9es en premier, rendant difficile la compr\u00e9hension de la parole dans les environnements bruyants. Les appareils auditifs sont souvent recommand\u00e9s pour ces cas.<\/p><h3><a href=\"https:\/\/audioprothesistes-a-domicile.fr\/perte-auditive-fluctuante\/\"><strong>Perte Auditive Fluctuante<\/strong><\/a><\/h3><p>Certaines conditions, comme la maladie de M\u00e9ni\u00e8re, peuvent causer une perte auditive qui varie au fil du temps. G\u00e9rer ces fluctuations n\u00e9cessite souvent un suivi r\u00e9gulier et un ajustement des traitements.<\/p><p>La perte auditive peut avoir un impact profond sur la qualit\u00e9 de vie. Heureusement, avec les avanc\u00e9es technologiques et m\u00e9dicales, de nombreuses options de traitement sont disponibles. Il est essentiel de consulter un audioproth\u00e9siste ou un sp\u00e9cialiste ORL pour un diagnostic pr\u00e9cis et un plan de traitement adapt\u00e9. En comprenant les diff\u00e9rents types de pertes auditives, les individus peuvent mieux naviguer dans leurs options et retrouver une meilleure qualit\u00e9 d&rsquo;audition.<\/p>\t\t\t\t\t\t\t\t<\/div>\n\t\t\t\t<\/div>\n\t\t\t\t<\/div>\n\t\t<div class=\"elementor-element elementor-element-e1dd291 e-con-full e-flex e-con e-child\" data-id=\"e1dd291\" data-element_type=\"container\">\n\t\t\t\t<div class=\"elementor-element elementor-element-941a4cd elementor-widget elementor-widget-image\" data-id=\"941a4cd\" data-element_type=\"widget\" data-widget_type=\"image.default\">\n\t\t\t\t<div class=\"elementor-widget-container\">\n\t\t\t\t\t\t\t\t\t\t\t\t\t\t\t<img fetchpriority=\"high\" decoding=\"async\" width=\"800\" height=\"800\" src=\"https:\/\/audioprothesistes-a-domicile.fr\/wp-content\/uploads\/2023\/12\/Les-Differentes-Pertes-Auditives.webp\" class=\"attachment-large size-large wp-image-1470\" alt=\"\" srcset=\"https:\/\/audioprothesistes-a-domicile.fr\/wp-content\/uploads\/2023\/12\/Les-Differentes-Pertes-Auditives.webp 1024w, https:\/\/audioprothesistes-a-domicile.fr\/wp-content\/uploads\/2023\/12\/Les-Differentes-Pertes-Auditives-300x300.webp 300w, https:\/\/audioprothesistes-a-domicile.fr\/wp-content\/uploads\/2023\/12\/Les-Differentes-Pertes-Auditives-150x150.webp 150w, https:\/\/audioprothesistes-a-domicile.fr\/wp-content\/uploads\/2023\/12\/Les-Differentes-Pertes-Auditives-768x768.webp 768w\" sizes=\"(max-width: 800px) 100vw, 800px\" \/>\t\t\t\t\t\t\t\t\t\t\t\t\t\t\t<\/div>\n\t\t\t\t<\/div>\n\t\t\t\t<\/div>\n\t\t\t\t\t<\/div>\n\t\t\t\t<\/div>\n\t\t\t\t<\/div>\n\t\t","protected":false},"excerpt":{"rendered":"<p>Les Diff\u00e9rentes Pertes Auditives : Un Guide Complet L&rsquo;audition est un sens vital qui nous connecte au monde. Cependant, elle peut \u00eatre affect\u00e9e par divers types de pertes auditives. Comprendre ces diff\u00e9rentes formes est essentiel, surtout pour ceux qui cherchent des solutions aupr\u00e8s d&rsquo;un audioproth\u00e9siste. Perte Auditive Conductive La perte auditive conductive survient lorsque les [&hellip;]<\/p>\n","protected":false},"author":1,"featured_media":1388,"parent":0,"menu_order":0,"comment_status":"closed","ping_status":"closed","template":"","meta":{"footnotes":""},"class_list":["post-1386","page","type-page","status-publish","has-post-thumbnail","hentry"],"yoast_head":"<!-- This site is optimized with the Yoast SEO plugin v26.2 - https:\/\/yoast.com\/wordpress\/plugins\/seo\/ -->\n<title>Exploration des Divers Types de D\u00e9ficience Auditive<\/title>\n<meta name=\"description\" content=\"Exploration des Divers Types de D\u00e9ficience Auditive dipl\u00f4m\u00e9s et exp\u00e9riment\u00e9s est passionn\u00e9e par l&#039;aide qu&#039;elle apporte et s&#039;engage \u00e0 offrir les meilleures solutions auditives .\" \/>\n<meta name=\"robots\" content=\"index, follow, max-snippet:-1, max-image-preview:large, max-video-preview:-1\" \/>\n<link rel=\"canonical\" href=\"https:\/\/audioprothesistes-a-domicile.fr\/?page_id=1386\" \/>\n<meta property=\"og:locale\" content=\"fr_FR\" \/>\n<meta property=\"og:type\" content=\"article\" \/>\n<meta property=\"og:title\" content=\"Exploration des Divers Types de D\u00e9ficience Auditive\" \/>\n<meta property=\"og:description\" content=\"Exploration des Divers Types de D\u00e9ficience Auditive dipl\u00f4m\u00e9s et exp\u00e9riment\u00e9s est passionn\u00e9e par l&#039;aide qu&#039;elle apporte et s&#039;engage \u00e0 offrir les meilleures solutions auditives .\" \/>\n<meta property=\"og:url\" content=\"https:\/\/audioprothesistes-a-domicile.fr\/?page_id=1386\" \/>\n<meta property=\"og:site_name\" content=\"Audioproth\u00e9siste \u00e0 Domicile\" \/>\n<meta property=\"article:publisher\" content=\"https:\/\/www.facebook.com\/audioprothesiste.a.domicile\/\" \/>\n<meta property=\"article:modified_time\" content=\"2023-12-23T17:03:10+00:00\" \/>\n<meta property=\"og:image\" content=\"https:\/\/audioprothesistes-a-domicile.fr\/wp-content\/uploads\/2023\/12\/audioprothesiste-en-consultation.webp\" \/>\n\t<meta property=\"og:image:width\" content=\"1024\" \/>\n\t<meta property=\"og:image:height\" content=\"1024\" \/>\n\t<meta property=\"og:image:type\" content=\"image\/webp\" \/>\n<meta name=\"twitter:card\" content=\"summary_large_image\" \/>\n<meta name=\"twitter:site\" content=\"@audioprothes\" \/>\n<meta name=\"twitter:label1\" content=\"Dur\u00e9e de lecture estim\u00e9e\" \/>\n\t<meta name=\"twitter:data1\" content=\"2 minutes\" \/>\n<script type=\"application\/ld+json\" class=\"yoast-schema-graph\">{\"@context\":\"https:\/\/schema.org\",\"@graph\":[{\"@type\":\"WebPage\",\"@id\":\"https:\/\/audioprothesistes-a-domicile.fr\/?page_id=1386\",\"url\":\"https:\/\/audioprothesistes-a-domicile.fr\/?page_id=1386\",\"name\":\"Exploration des Divers Types de D\u00e9ficience Auditive\",\"isPartOf\":{\"@id\":\"https:\/\/audioprothesistes-a-domicile.fr\/#website\"},\"primaryImageOfPage\":{\"@id\":\"https:\/\/audioprothesistes-a-domicile.fr\/?page_id=1386#primaryimage\"},\"image\":{\"@id\":\"https:\/\/audioprothesistes-a-domicile.fr\/?page_id=1386#primaryimage\"},\"thumbnailUrl\":\"https:\/\/audioprothesistes-a-domicile.fr\/wp-content\/uploads\/2023\/12\/audioprothesiste-en-consultation.webp\",\"datePublished\":\"2023-12-23T17:01:09+00:00\",\"dateModified\":\"2023-12-23T17:03:10+00:00\",\"description\":\"Exploration des Divers Types de D\u00e9ficience Auditive dipl\u00f4m\u00e9s et exp\u00e9riment\u00e9s est passionn\u00e9e par l'aide qu'elle apporte et s'engage \u00e0 offrir les meilleures solutions auditives .\",\"breadcrumb\":{\"@id\":\"https:\/\/audioprothesistes-a-domicile.fr\/?page_id=1386#breadcrumb\"},\"inLanguage\":\"fr-FR\",\"potentialAction\":[{\"@type\":\"ReadAction\",\"target\":[\"https:\/\/audioprothesistes-a-domicile.fr\/?page_id=1386\"]}]},{\"@type\":\"ImageObject\",\"inLanguage\":\"fr-FR\",\"@id\":\"https:\/\/audioprothesistes-a-domicile.fr\/?page_id=1386#primaryimage\",\"url\":\"https:\/\/audioprothesistes-a-domicile.fr\/wp-content\/uploads\/2023\/12\/audioprothesiste-en-consultation.webp\",\"contentUrl\":\"https:\/\/audioprothesistes-a-domicile.fr\/wp-content\/uploads\/2023\/12\/audioprothesiste-en-consultation.webp\",\"width\":1024,\"height\":1024},{\"@type\":\"BreadcrumbList\",\"@id\":\"https:\/\/audioprothesistes-a-domicile.fr\/?page_id=1386#breadcrumb\",\"itemListElement\":[{\"@type\":\"ListItem\",\"position\":1,\"name\":\"Accueil\",\"item\":\"https:\/\/audioprothesistes-a-domicile.fr\/\"},{\"@type\":\"ListItem\",\"position\":2,\"name\":\"Exploration des Divers Types de D\u00e9ficience Auditive\"}]},{\"@type\":\"WebSite\",\"@id\":\"https:\/\/audioprothesistes-a-domicile.fr\/#website\",\"url\":\"https:\/\/audioprothesistes-a-domicile.fr\/\",\"name\":\"Audioproth\u00e9siste \u00e0 Domicile\",\"description\":\"Entendre le monde, chez vous\",\"publisher\":{\"@id\":\"https:\/\/audioprothesistes-a-domicile.fr\/#organization\"},\"potentialAction\":[{\"@type\":\"SearchAction\",\"target\":{\"@type\":\"EntryPoint\",\"urlTemplate\":\"https:\/\/audioprothesistes-a-domicile.fr\/?s={search_term_string}\"},\"query-input\":{\"@type\":\"PropertyValueSpecification\",\"valueRequired\":true,\"valueName\":\"search_term_string\"}}],\"inLanguage\":\"fr-FR\"},{\"@type\":\"Organization\",\"@id\":\"https:\/\/audioprothesistes-a-domicile.fr\/#organization\",\"name\":\"Audioproth\u00e9siste \u00e0 Domicile\",\"url\":\"https:\/\/audioprothesistes-a-domicile.fr\/\",\"logo\":{\"@type\":\"ImageObject\",\"inLanguage\":\"fr-FR\",\"@id\":\"https:\/\/audioprothesistes-a-domicile.fr\/#\/schema\/logo\/image\/\",\"url\":\"https:\/\/audioprothesistes-a-domicile.fr\/wp-content\/uploads\/2023\/12\/audioprothesiste-paris.jpeg\",\"contentUrl\":\"https:\/\/audioprothesistes-a-domicile.fr\/wp-content\/uploads\/2023\/12\/audioprothesiste-paris.jpeg\",\"width\":624,\"height\":76,\"caption\":\"Audioproth\u00e9siste \u00e0 Domicile\"},\"image\":{\"@id\":\"https:\/\/audioprothesistes-a-domicile.fr\/#\/schema\/logo\/image\/\"},\"sameAs\":[\"https:\/\/www.facebook.com\/audioprothesiste.a.domicile\/\",\"https:\/\/x.com\/audioprothes\"]}]}<\/script>\n<!-- \/ Yoast SEO plugin. -->","yoast_head_json":{"title":"Exploration des Divers Types de D\u00e9ficience Auditive","description":"Exploration des Divers Types de D\u00e9ficience Auditive dipl\u00f4m\u00e9s et exp\u00e9riment\u00e9s est passionn\u00e9e par l'aide qu'elle apporte et s'engage \u00e0 offrir les meilleures solutions auditives .","robots":{"index":"index","follow":"follow","max-snippet":"max-snippet:-1","max-image-preview":"max-image-preview:large","max-video-preview":"max-video-preview:-1"},"canonical":"https:\/\/audioprothesistes-a-domicile.fr\/?page_id=1386","og_locale":"fr_FR","og_type":"article","og_title":"Exploration des Divers Types de D\u00e9ficience Auditive","og_description":"Exploration des Divers Types de D\u00e9ficience Auditive dipl\u00f4m\u00e9s et exp\u00e9riment\u00e9s est passionn\u00e9e par l'aide qu'elle apporte et s'engage \u00e0 offrir les meilleures solutions auditives .","og_url":"https:\/\/audioprothesistes-a-domicile.fr\/?page_id=1386","og_site_name":"Audioproth\u00e9siste \u00e0 Domicile","article_publisher":"https:\/\/www.facebook.com\/audioprothesiste.a.domicile\/","article_modified_time":"2023-12-23T17:03:10+00:00","og_image":[{"width":1024,"height":1024,"url":"https:\/\/audioprothesistes-a-domicile.fr\/wp-content\/uploads\/2023\/12\/audioprothesiste-en-consultation.webp","type":"image\/webp"}],"twitter_card":"summary_large_image","twitter_site":"@audioprothes","twitter_misc":{"Dur\u00e9e de lecture estim\u00e9e":"2 minutes"},"schema":{"@context":"https:\/\/schema.org","@graph":[{"@type":"WebPage","@id":"https:\/\/audioprothesistes-a-domicile.fr\/?page_id=1386","url":"https:\/\/audioprothesistes-a-domicile.fr\/?page_id=1386","name":"Exploration des Divers Types de D\u00e9ficience Auditive","isPartOf":{"@id":"https:\/\/audioprothesistes-a-domicile.fr\/#website"},"primaryImageOfPage":{"@id":"https:\/\/audioprothesistes-a-domicile.fr\/?page_id=1386#primaryimage"},"image":{"@id":"https:\/\/audioprothesistes-a-domicile.fr\/?page_id=1386#primaryimage"},"thumbnailUrl":"https:\/\/audioprothesistes-a-domicile.fr\/wp-content\/uploads\/2023\/12\/audioprothesiste-en-consultation.webp","datePublished":"2023-12-23T17:01:09+00:00","dateModified":"2023-12-23T17:03:10+00:00","description":"Exploration des Divers Types de D\u00e9ficience Auditive dipl\u00f4m\u00e9s et exp\u00e9riment\u00e9s est passionn\u00e9e par l'aide qu'elle apporte et s'engage \u00e0 offrir les meilleures solutions auditives .","breadcrumb":{"@id":"https:\/\/audioprothesistes-a-domicile.fr\/?page_id=1386#breadcrumb"},"inLanguage":"fr-FR","potentialAction":[{"@type":"ReadAction","target":["https:\/\/audioprothesistes-a-domicile.fr\/?page_id=1386"]}]},{"@type":"ImageObject","inLanguage":"fr-FR","@id":"https:\/\/audioprothesistes-a-domicile.fr\/?page_id=1386#primaryimage","url":"https:\/\/audioprothesistes-a-domicile.fr\/wp-content\/uploads\/2023\/12\/audioprothesiste-en-consultation.webp","contentUrl":"https:\/\/audioprothesistes-a-domicile.fr\/wp-content\/uploads\/2023\/12\/audioprothesiste-en-consultation.webp","width":1024,"height":1024},{"@type":"BreadcrumbList","@id":"https:\/\/audioprothesistes-a-domicile.fr\/?page_id=1386#breadcrumb","itemListElement":[{"@type":"ListItem","position":1,"name":"Accueil","item":"https:\/\/audioprothesistes-a-domicile.fr\/"},{"@type":"ListItem","position":2,"name":"Exploration des Divers Types de D\u00e9ficience Auditive"}]},{"@type":"WebSite","@id":"https:\/\/audioprothesistes-a-domicile.fr\/#website","url":"https:\/\/audioprothesistes-a-domicile.fr\/","name":"Audioproth\u00e9siste \u00e0 Domicile","description":"Entendre le monde, chez vous","publisher":{"@id":"https:\/\/audioprothesistes-a-domicile.fr\/#organization"},"potentialAction":[{"@type":"SearchAction","target":{"@type":"EntryPoint","urlTemplate":"https:\/\/audioprothesistes-a-domicile.fr\/?s={search_term_string}"},"query-input":{"@type":"PropertyValueSpecification","valueRequired":true,"valueName":"search_term_string"}}],"inLanguage":"fr-FR"},{"@type":"Organization","@id":"https:\/\/audioprothesistes-a-domicile.fr\/#organization","name":"Audioproth\u00e9siste \u00e0 Domicile","url":"https:\/\/audioprothesistes-a-domicile.fr\/","logo":{"@type":"ImageObject","inLanguage":"fr-FR","@id":"https:\/\/audioprothesistes-a-domicile.fr\/#\/schema\/logo\/image\/","url":"https:\/\/audioprothesistes-a-domicile.fr\/wp-content\/uploads\/2023\/12\/audioprothesiste-paris.jpeg","contentUrl":"https:\/\/audioprothesistes-a-domicile.fr\/wp-content\/uploads\/2023\/12\/audioprothesiste-paris.jpeg","width":624,"height":76,"caption":"Audioproth\u00e9siste \u00e0 Domicile"},"image":{"@id":"https:\/\/audioprothesistes-a-domicile.fr\/#\/schema\/logo\/image\/"},"sameAs":["https:\/\/www.facebook.com\/audioprothesiste.a.domicile\/","https:\/\/x.com\/audioprothes"]}]}},"_links":{"self":[{"href":"https:\/\/audioprothesistes-a-domicile.fr\/index.php?rest_route=\/wp\/v2\/pages\/1386","targetHints":{"allow":["GET"]}}],"collection":[{"href":"https:\/\/audioprothesistes-a-domicile.fr\/index.php?rest_route=\/wp\/v2\/pages"}],"about":[{"href":"https:\/\/audioprothesistes-a-domicile.fr\/index.php?rest_route=\/wp\/v2\/types\/page"}],"author":[{"embeddable":true,"href":"https:\/\/audioprothesistes-a-domicile.fr\/index.php?rest_route=\/wp\/v2\/users\/1"}],"replies":[{"embeddable":true,"href":"https:\/\/audioprothesistes-a-domicile.fr\/index.php?rest_route=%2Fwp%2Fv2%2Fcomments&post=1386"}],"version-history":[{"count":28,"href":"https:\/\/audioprothesistes-a-domicile.fr\/index.php?rest_route=\/wp\/v2\/pages\/1386\/revisions"}],"predecessor-version":[{"id":1473,"href":"https:\/\/audioprothesistes-a-domicile.fr\/index.php?rest_route=\/wp\/v2\/pages\/1386\/revisions\/1473"}],"wp:featuredmedia":[{"embeddable":true,"href":"https:\/\/audioprothesistes-a-domicile.fr\/index.php?rest_route=\/wp\/v2\/media\/1388"}],"wp:attachment":[{"href":"https:\/\/audioprothesistes-a-domicile.fr\/index.php?rest_route=%2Fwp%2Fv2%2Fmedia&parent=1386"}],"curies":[{"name":"wp","href":"https:\/\/api.w.org\/{rel}","templated":true}]}}